{"id":179,"date":"2026-03-24T20:38:57","date_gmt":"2026-03-24T20:38:57","guid":{"rendered":"https:\/\/qhse.co.ao\/academia\/?page_id=179"},"modified":"2026-03-28T19:05:42","modified_gmt":"2026-03-28T19:05:42","slug":"cursos","status":"publish","type":"page","link":"https:\/\/qhse.co.ao\/academia\/cursos\/","title":{"rendered":"Cursos"},"content":{"rendered":"\n<p>Na Academia QHSE FC, Lda, acreditamos que a forma\u00e7\u00e3o \u00e9 a chave para transformar conhecimento em pr\u00e1tica e excel\u00eancia profissional. O nosso cat\u00e1logo re\u00fane cursos cuidadosamente estruturados nas \u00e1reas de Qualidade, Higiene, Seguran\u00e7a e Ambiente (QHSE), pensados para apoiar empresas e profissionais que procuram desenvolver compet\u00eancias s\u00f3lidas e aplic\u00e1veis ao mercado angolano e internacional.<\/p>\n\n\n\n<p>Aqui encontrar\u00e1 programas que combinam rigor acad\u00e9mico com experi\u00eancia pr\u00e1tica, oferecendo aos alunos ferramentas para enfrentar desafios reais e contribuir para organiza\u00e7\u00f5es mais seguras, eficientes e sustent\u00e1veis.<\/p>\n\n\n<div class=\"learndash-wrap\"><div id=\"ld-course-list-content-a40675790927e035f19c24559543d191\" class=\"ld-course-list-content\" data-shortcode-atts=\"{&quot;course_grid&quot;:&quot;true&quot;}\">\n\t\t\t<div class=\"ld-course-list-items row\">\n\t<div class=\"ld_course_grid col-sm-8 col-md-4  bb-course-item-wrap\">\n\n\t<div class=\"bb-cover-list-item bb-course-paid \">\n\t\t\n\t\t\t\t<div class=\"bb-course-cover \">\n\t\t\t\t<div class=\"ld-status  ld-third-background\">AOA120000<\/div>\t\t\t\t\t\t<a title=\"Auditor Interno da Qualidade ISO 9001:2015\" href=\"https:\/\/qhse.co.ao\/academia\/courses\/auditor-interno-da-qualidade-iso-90012015\/\" class=\"bb-cover-wrap\">\n\t\t\t\t\t\t\t<img loading=\"lazy\" decoding=\"async\" width=\"300\" height=\"203\" src=\"https:\/\/qhse.co.ao\/academia\/wp-content\/uploads\/2026\/03\/curso_GestaoProcess-300x203-1.webp\" class=\"attachment-post-thumbnail size-post-thumbnail wp-post-image\" alt=\"\" \/>\t\t\t\t\t\t<\/a>\n\t\t\t\t\t\t\t\t\t\t<\/div>\n\n\t\t\n\t\t\n\t\t<div class=\"bb-card-course-details\">\n\t\t\t<div class=\"course-lesson-count\">0 Li\u00e7\u00f5es<\/div>\t\t\t<h2 class=\"bb-course-title\">\n\t\t\t\t<a href=\"https:\/\/qhse.co.ao\/academia\/courses\/auditor-interno-da-qualidade-iso-90012015\/\">Auditor Interno da Qualidade ISO 9001:2015<\/a>\n\t\t\t<\/h2>\n\t\t\t\t\t\t\t<p class=\"entry-content\">Este curso prepara profissionais para realizar auditorias internas de sistemas de gest\u00e3o da qualidade, segundo a norma ISO 9001:2015. Os&hellip;<\/p>\n\t\t\t\t<div class=\"bb-course-meta\">\n\t\t<a class=\"item-avatar\" href=\"https:\/\/qhse.co.ao\/academia\/members\/vinacio\/\" class=\"item-avatar\" aria-label=\"vinacio\">\n\t\t<img alt='' src='https:\/\/qhse.co.ao\/academia\/wp-content\/plugins\/buddyboss-platform\/bp-core\/images\/profile-avatar-buddyboss-50.png' srcset='https:\/\/qhse.co.ao\/academia\/wp-content\/plugins\/buddyboss-platform\/bp-core\/images\/profile-avatar-buddyboss-50.png 2x' class='avatar avatar-80 photo' height='80' width='80' \/>\t<\/a>\n\t<strong>\n\t\t<a href=\"https:\/\/qhse.co.ao\/academia\/members\/vinacio\/\">vinacio<\/a>\n\t<\/strong>\n<\/div>\n\t\t\t\t<div class=\"course-progress-wrap\">\n\t\t\t\t\t\t<div class=\"ld-progress ld-progress-inline\">\n\t\t\t\t\t<div class=\"ld-progress-heading\">\n\t\t\t\t\t\t\t<\/div>\n\n\t\t\t<div class=\"ld-progress-bar\">\n\t\t\t\t<div class=\"ld-progress-bar-percentage ld-secondary-background\" style=\"width:0%\"><\/div>\n\t\t\t<\/div>\n\t\t\t<div class=\"ld-progress-stats\">\n\t\t\t\t<div class=\"ld-progress-percentage ld-secondary-color course-completion-rate\">\n\t\t\t\t\t0% Complete\t\t\t\t<\/div>\n\t\t\t\t<div class=\"ld-progress-steps\">\n\t\t\t\t\t0\/0 Steps\t\t\t\t<\/div>\n\t\t\t<\/div> <!--\/.ld-progress-stats-->\n\t\t\t\t<\/div> <!--\/.ld-progress-->\n\t\t\t\t\t<\/div>\n\t\t\t\t                <p class=\"ld_course_grid_button\"><a class=\"btn btn-primary\" role=\"button\" href=\"https:\/\/qhse.co.ao\/academia\/courses\/auditor-interno-da-qualidade-iso-90012015\/\" rel=\"bookmark\">See more&#8230;<\/a><\/p>\n\t\t\t\t\t\t\t\t<div class=\"bb-course-footer bb-course-pay\">\n\t\t\t\t\t<span class=\"course-fee\">\n\t\t\t\t\t\tAOA120000\t\t\t\t\t<\/span>\n\t\t\t\t<\/div>\n\t\t\t\t\n\t\t<\/div><!-- .entry-header -->\n\t<\/div><!-- #post-## -->\n<\/div>\n<div class=\"ld_course_grid col-sm-8 col-md-4  bb-course-item-wrap\">\n\n\t<div class=\"bb-cover-list-item bb-course-paid \">\n\t\t\n\t\t\t\t<div class=\"bb-course-cover \">\n\t\t\t\t<div class=\"ld-status  ld-third-background\">AOA145000<\/div>\t\t\t\t\t\t<a title=\"Seguran\u00e7a, Higiene e Sa\u00fade no Trabalho II \u2013 N\u00edvel Avan\u00e7ado\" href=\"https:\/\/qhse.co.ao\/academia\/courses\/seguranca-higiene-e-saude-no-trabalho-ii-nivel-avancado\/\" class=\"bb-cover-wrap\">\n\t\t\t\t\t\t\t<img loading=\"lazy\" decoding=\"async\" width=\"300\" height=\"203\" src=\"https:\/\/qhse.co.ao\/academia\/wp-content\/uploads\/2026\/03\/curso_SensQualiAmbiSeg-300x203-1.webp\" class=\"attachment-post-thumbnail size-post-thumbnail wp-post-image\" alt=\"\" \/>\t\t\t\t\t\t<\/a>\n\t\t\t\t\t\t\t\t\t\t<\/div>\n\n\t\t\n\t\t\n\t\t<div class=\"bb-card-course-details\">\n\t\t\t<div class=\"course-lesson-count\">0 Li\u00e7\u00f5es<\/div>\t\t\t<h2 class=\"bb-course-title\">\n\t\t\t\t<a href=\"https:\/\/qhse.co.ao\/academia\/courses\/seguranca-higiene-e-saude-no-trabalho-ii-nivel-avancado\/\">Seguran\u00e7a, Higiene e Sa\u00fade no Trabalho II \u2013 N\u00edvel Avan\u00e7ado<\/a>\n\t\t\t<\/h2>\n\t\t\t\t\t\t\t<p class=\"entry-content\">Curso avan\u00e7ado que aprofunda pr\u00e1ticas e estrat\u00e9gias de preven\u00e7\u00e3o de riscos ocupacionais, promovendo ambientes de trabalho mais seguros e saud\u00e1veis.&hellip;<\/p>\n\t\t\t\t<div class=\"bb-course-meta\">\n\t\t<a class=\"item-avatar\" href=\"https:\/\/qhse.co.ao\/academia\/members\/vinacio\/\" class=\"item-avatar\" aria-label=\"vinacio\">\n\t\t<img alt='' src='https:\/\/qhse.co.ao\/academia\/wp-content\/plugins\/buddyboss-platform\/bp-core\/images\/profile-avatar-buddyboss-50.png' srcset='https:\/\/qhse.co.ao\/academia\/wp-content\/plugins\/buddyboss-platform\/bp-core\/images\/profile-avatar-buddyboss-50.png 2x' class='avatar avatar-80 photo' height='80' width='80' \/>\t<\/a>\n\t<strong>\n\t\t<a href=\"https:\/\/qhse.co.ao\/academia\/members\/vinacio\/\">vinacio<\/a>\n\t<\/strong>\n<\/div>\n\t\t\t\t<div class=\"course-progress-wrap\">\n\t\t\t\t\t\t<div class=\"ld-progress ld-progress-inline\">\n\t\t\t\t\t<div class=\"ld-progress-heading\">\n\t\t\t\t\t\t\t<\/div>\n\n\t\t\t<div class=\"ld-progress-bar\">\n\t\t\t\t<div class=\"ld-progress-bar-percentage ld-secondary-background\" style=\"width:0%\"><\/div>\n\t\t\t<\/div>\n\t\t\t<div class=\"ld-progress-stats\">\n\t\t\t\t<div class=\"ld-progress-percentage ld-secondary-color course-completion-rate\">\n\t\t\t\t\t0% Complete\t\t\t\t<\/div>\n\t\t\t\t<div class=\"ld-progress-steps\">\n\t\t\t\t\t0\/0 Steps\t\t\t\t<\/div>\n\t\t\t<\/div> <!--\/.ld-progress-stats-->\n\t\t\t\t<\/div> <!--\/.ld-progress-->\n\t\t\t\t\t<\/div>\n\t\t\t\t                <p class=\"ld_course_grid_button\"><a class=\"btn btn-primary\" role=\"button\" href=\"https:\/\/qhse.co.ao\/academia\/courses\/seguranca-higiene-e-saude-no-trabalho-ii-nivel-avancado\/\" rel=\"bookmark\">See more&#8230;<\/a><\/p>\n\t\t\t\t\t\t\t\t<div class=\"bb-course-footer bb-course-pay\">\n\t\t\t\t\t<span class=\"course-fee\">\n\t\t\t\t\t\tAOA145000\t\t\t\t\t<\/span>\n\t\t\t\t<\/div>\n\t\t\t\t\n\t\t<\/div><!-- .entry-header -->\n\t<\/div><!-- #post-## -->\n<\/div>\n<div class=\"ld_course_grid col-sm-8 col-md-4  bb-course-item-wrap\">\n\n\t<div class=\"bb-cover-list-item  \">\n\t\t\n\t\t\t\t<div class=\"bb-course-cover \">\n\t\t\t\t<div class=\"ld-status  free ld-third-background\">Free<\/div>\t\t\t\t\t\t<a title=\"Sistemas de Gest\u00e3o da Qualidade ISO 9001:2015\" href=\"https:\/\/qhse.co.ao\/academia\/courses\/sistemas-de-gestao-da-qualidade-iso-90012015\/\" class=\"bb-cover-wrap\">\n\t\t\t\t\t\t\t<img loading=\"lazy\" decoding=\"async\" width=\"300\" height=\"203\" src=\"https:\/\/qhse.co.ao\/academia\/wp-content\/uploads\/2026\/03\/curso_SisGest_9001-1-300x203-1.webp\" class=\"attachment-post-thumbnail size-post-thumbnail wp-post-image\" alt=\"\" \/>\t\t\t\t\t\t<\/a>\n\t\t\t\t\t\t\t\t\t\t<\/div>\n\n\t\t\n\t\t\n\t\t<div class=\"bb-card-course-details\">\n\t\t\t<div class=\"course-lesson-count\">0 Li\u00e7\u00f5es<\/div>\t\t\t<h2 class=\"bb-course-title\">\n\t\t\t\t<a href=\"https:\/\/qhse.co.ao\/academia\/courses\/sistemas-de-gestao-da-qualidade-iso-90012015\/\">Sistemas de Gest\u00e3o da Qualidade ISO 9001:2015<\/a>\n\t\t\t<\/h2>\n\t\t\t\t\t\t\t<p class=\"entry-content\">Este curso fornece conhecimentos essenciais sobre a norma ISO 9001:2015, capacitando profissionais para estruturar, implementar e manter sistemas de gest\u00e3o&hellip;<\/p>\n\t\t\t\t<div class=\"bb-course-meta\">\n\t\t<a class=\"item-avatar\" href=\"https:\/\/qhse.co.ao\/academia\/members\/vinacio\/\" class=\"item-avatar\" aria-label=\"vinacio\">\n\t\t<img alt='' src='https:\/\/qhse.co.ao\/academia\/wp-content\/plugins\/buddyboss-platform\/bp-core\/images\/profile-avatar-buddyboss-50.png' srcset='https:\/\/qhse.co.ao\/academia\/wp-content\/plugins\/buddyboss-platform\/bp-core\/images\/profile-avatar-buddyboss-50.png 2x' class='avatar avatar-80 photo' height='80' width='80' \/>\t<\/a>\n\t<strong>\n\t\t<a href=\"https:\/\/qhse.co.ao\/academia\/members\/vinacio\/\">vinacio<\/a>\n\t<\/strong>\n<\/div>\n\t\t\t\t<div class=\"course-progress-wrap\">\n\t\t\t\t\t\t<div class=\"ld-progress ld-progress-inline\">\n\t\t\t\t\t<div class=\"ld-progress-heading\">\n\t\t\t\t\t\t\t<\/div>\n\n\t\t\t<div class=\"ld-progress-bar\">\n\t\t\t\t<div class=\"ld-progress-bar-percentage ld-secondary-background\" style=\"width:0%\"><\/div>\n\t\t\t<\/div>\n\t\t\t<div class=\"ld-progress-stats\">\n\t\t\t\t<div class=\"ld-progress-percentage ld-secondary-color course-completion-rate\">\n\t\t\t\t\t0% Complete\t\t\t\t<\/div>\n\t\t\t\t<div class=\"ld-progress-steps\">\n\t\t\t\t\t0\/0 Steps\t\t\t\t<\/div>\n\t\t\t<\/div> <!--\/.ld-progress-stats-->\n\t\t\t\t<\/div> <!--\/.ld-progress-->\n\t\t\t\t\t<\/div>\n\t\t\t\t                <p class=\"ld_course_grid_button\"><a class=\"btn btn-primary\" role=\"button\" href=\"https:\/\/qhse.co.ao\/academia\/courses\/sistemas-de-gestao-da-qualidade-iso-90012015\/\" rel=\"bookmark\">See more&#8230;<\/a><\/p>\n\t\t\t\t\n\t\t<\/div><!-- .entry-header -->\n\t<\/div><!-- #post-## -->\n<\/div>\n<div class=\"ld_course_grid col-sm-8 col-md-4  bb-course-item-wrap\">\n\n\t<div class=\"bb-cover-list-item  \">\n\t\t\n\t\t\t\t<div class=\"bb-course-cover \">\n\t\t\t\t<div class=\"ld-status  free ld-third-background\">Free<\/div>\t\t\t\t\t\t<a title=\"Gest\u00e3o e Controlo de Processos\" href=\"https:\/\/qhse.co.ao\/academia\/courses\/gestao-e-controlo-de-processos\/\" class=\"bb-cover-wrap\">\n\t\t\t\t\t\t\t<img loading=\"lazy\" decoding=\"async\" width=\"300\" height=\"203\" src=\"https:\/\/qhse.co.ao\/academia\/wp-content\/uploads\/2026\/03\/curso_GestaoProcess-300x203-1.webp\" class=\"attachment-post-thumbnail size-post-thumbnail wp-post-image\" alt=\"\" \/>\t\t\t\t\t\t<\/a>\n\t\t\t\t\t\t\t\t\t\t<\/div>\n\n\t\t\n\t\t\n\t\t<div class=\"bb-card-course-details\">\n\t\t\t<div class=\"course-lesson-count\">0 Li\u00e7\u00f5es<\/div>\t\t\t<h2 class=\"bb-course-title\">\n\t\t\t\t<a href=\"https:\/\/qhse.co.ao\/academia\/courses\/gestao-e-controlo-de-processos\/\">Gest\u00e3o e Controlo de Processos<\/a>\n\t\t\t<\/h2>\n\t\t\t\t\t\t\t<p class=\"entry-content\">Curso orientado para o desenvolvimento de compet\u00eancias na an\u00e1lise, planeamento e otimiza\u00e7\u00e3o de processos organizacionais. Os participantes aprendem a implementar&hellip;<\/p>\n\t\t\t\t<div class=\"bb-course-meta\">\n\t\t<a class=\"item-avatar\" href=\"https:\/\/qhse.co.ao\/academia\/members\/vinacio\/\" class=\"item-avatar\" aria-label=\"vinacio\">\n\t\t<img alt='' src='https:\/\/qhse.co.ao\/academia\/wp-content\/plugins\/buddyboss-platform\/bp-core\/images\/profile-avatar-buddyboss-50.png' srcset='https:\/\/qhse.co.ao\/academia\/wp-content\/plugins\/buddyboss-platform\/bp-core\/images\/profile-avatar-buddyboss-50.png 2x' class='avatar avatar-80 photo' height='80' width='80' \/>\t<\/a>\n\t<strong>\n\t\t<a href=\"https:\/\/qhse.co.ao\/academia\/members\/vinacio\/\">vinacio<\/a>\n\t<\/strong>\n<\/div>\n\t\t\t\t<div class=\"course-progress-wrap\">\n\t\t\t\t\t\t<div class=\"ld-progress ld-progress-inline\">\n\t\t\t\t\t<div class=\"ld-progress-heading\">\n\t\t\t\t\t\t\t<\/div>\n\n\t\t\t<div class=\"ld-progress-bar\">\n\t\t\t\t<div class=\"ld-progress-bar-percentage ld-secondary-background\" style=\"width:0%\"><\/div>\n\t\t\t<\/div>\n\t\t\t<div class=\"ld-progress-stats\">\n\t\t\t\t<div class=\"ld-progress-percentage ld-secondary-color course-completion-rate\">\n\t\t\t\t\t0% Complete\t\t\t\t<\/div>\n\t\t\t\t<div class=\"ld-progress-steps\">\n\t\t\t\t\t0\/0 Steps\t\t\t\t<\/div>\n\t\t\t<\/div> <!--\/.ld-progress-stats-->\n\t\t\t\t<\/div> <!--\/.ld-progress-->\n\t\t\t\t\t<\/div>\n\t\t\t\t                <p class=\"ld_course_grid_button\"><a class=\"btn btn-primary\" role=\"button\" href=\"https:\/\/qhse.co.ao\/academia\/courses\/gestao-e-controlo-de-processos\/\" rel=\"bookmark\">See more&#8230;<\/a><\/p>\n\t\t\t\t\n\t\t<\/div><!-- .entry-header -->\n\t<\/div><!-- #post-## -->\n<\/div>\n<div class=\"ld_course_grid col-sm-8 col-md-4  bb-course-item-wrap\">\n\n\t<div class=\"bb-cover-list-item  \">\n\t\t\n\t\t\t\t<div class=\"bb-course-cover \">\n\t\t\t\t<div class=\"ld-status  free ld-third-background\">Free<\/div>\t\t\t\t\t\t<a title=\"Auditor Interno da Seguran\u00e7a e Sa\u00fade no Trabalho \u2013 ISO 45001:2018\" href=\"https:\/\/qhse.co.ao\/academia\/courses\/auditor-interno-da-seguranca-e-saude-no-trabalho-iso-450012018\/\" class=\"bb-cover-wrap\">\n\t\t\t\t\t\t\t<img loading=\"lazy\" decoding=\"async\" width=\"300\" height=\"203\" src=\"https:\/\/qhse.co.ao\/academia\/wp-content\/uploads\/2026\/03\/curso_Auditor_SegurTrabalho-300x203-1-e1774351163811.webp\" class=\"attachment-post-thumbnail size-post-thumbnail wp-post-image\" alt=\"\" \/>\t\t\t\t\t\t<\/a>\n\t\t\t\t\t\t\t\t\t\t<\/div>\n\n\t\t\n\t\t\n\t\t<div class=\"bb-card-course-details\">\n\t\t\t<div class=\"course-lesson-count\">0 Li\u00e7\u00f5es<\/div>\t\t\t<h2 class=\"bb-course-title\">\n\t\t\t\t<a href=\"https:\/\/qhse.co.ao\/academia\/courses\/auditor-interno-da-seguranca-e-saude-no-trabalho-iso-450012018\/\">Auditor Interno da Seguran\u00e7a e Sa\u00fade no Trabalho \u2013 ISO 45001:2018<\/a>\n\t\t\t<\/h2>\n\t\t\t\t\t\t\t<p class=\"entry-content\">Este curso capacita profissionais para realizar auditorias internas de Sistemas de Gest\u00e3o da Seguran\u00e7a e Sa\u00fade no Trabalho, de acordo&hellip;<\/p>\n\t\t\t\t<div class=\"bb-course-meta\">\n\t\t<a class=\"item-avatar\" href=\"https:\/\/qhse.co.ao\/academia\/members\/vinacio\/\" class=\"item-avatar\" aria-label=\"vinacio\">\n\t\t<img alt='' src='https:\/\/qhse.co.ao\/academia\/wp-content\/plugins\/buddyboss-platform\/bp-core\/images\/profile-avatar-buddyboss-50.png' srcset='https:\/\/qhse.co.ao\/academia\/wp-content\/plugins\/buddyboss-platform\/bp-core\/images\/profile-avatar-buddyboss-50.png 2x' class='avatar avatar-80 photo' height='80' width='80' \/>\t<\/a>\n\t<strong>\n\t\t<a href=\"https:\/\/qhse.co.ao\/academia\/members\/vinacio\/\">vinacio<\/a>\n\t<\/strong>\n<\/div>\n\t\t\t\t<div class=\"course-progress-wrap\">\n\t\t\t\t\t\t<div class=\"ld-progress ld-progress-inline\">\n\t\t\t\t\t<div class=\"ld-progress-heading\">\n\t\t\t\t\t\t\t<\/div>\n\n\t\t\t<div class=\"ld-progress-bar\">\n\t\t\t\t<div class=\"ld-progress-bar-percentage ld-secondary-background\" style=\"width:0%\"><\/div>\n\t\t\t<\/div>\n\t\t\t<div class=\"ld-progress-stats\">\n\t\t\t\t<div class=\"ld-progress-percentage ld-secondary-color course-completion-rate\">\n\t\t\t\t\t0% Complete\t\t\t\t<\/div>\n\t\t\t\t<div class=\"ld-progress-steps\">\n\t\t\t\t\t0\/0 Steps\t\t\t\t<\/div>\n\t\t\t<\/div> <!--\/.ld-progress-stats-->\n\t\t\t\t<\/div> <!--\/.ld-progress-->\n\t\t\t\t\t<\/div>\n\t\t\t\t                <p class=\"ld_course_grid_button\"><a class=\"btn btn-primary\" role=\"button\" href=\"https:\/\/qhse.co.ao\/academia\/courses\/auditor-interno-da-seguranca-e-saude-no-trabalho-iso-450012018\/\" rel=\"bookmark\">See more&#8230;<\/a><\/p>\n\t\t\t\t\n\t\t<\/div><!-- .entry-header -->\n\t<\/div><!-- #post-## -->\n<\/div>\n<div class=\"ld_course_grid col-sm-8 col-md-4  bb-course-item-wrap\">\n\n\t<div class=\"bb-cover-list-item  \">\n\t\t\n\t\t\t\t<div class=\"bb-course-cover \">\n\t\t\t\t<div class=\"ld-status  free ld-third-background\">Free<\/div>\t\t\t\t\t\t<a title=\"Auditor Ambiental ISO 14001: 2015\" href=\"https:\/\/qhse.co.ao\/academia\/courses\/auditor-ambiental-iso-14001-2015\/\" class=\"bb-cover-wrap\">\n\t\t\t\t\t\t\t<img loading=\"lazy\" decoding=\"async\" width=\"300\" height=\"203\" src=\"https:\/\/qhse.co.ao\/academia\/wp-content\/uploads\/2026\/03\/curso_Auditor_14001Ambiente-300x203-1.webp\" class=\"attachment-post-thumbnail size-post-thumbnail wp-post-image\" alt=\"\" \/>\t\t\t\t\t\t<\/a>\n\t\t\t\t\t\t\t\t\t\t<\/div>\n\n\t\t\n\t\t\n\t\t<div class=\"bb-card-course-details\">\n\t\t\t<div class=\"course-lesson-count\">0 Li\u00e7\u00f5es<\/div>\t\t\t<h2 class=\"bb-course-title\">\n\t\t\t\t<a href=\"https:\/\/qhse.co.ao\/academia\/courses\/auditor-ambiental-iso-14001-2015\/\">Auditor Ambiental ISO 14001: 2015<\/a>\n\t\t\t<\/h2>\n\t\t\t\t\t\t\t<p class=\"entry-content\">Este curso prepara profissionais para atuar como Auditores Ambientais segundo a norma ISO 14001:2015, fornecendo compet\u00eancias para avaliar sistemas de&hellip;<\/p>\n\t\t\t\t<div class=\"bb-course-meta\">\n\t\t<a class=\"item-avatar\" href=\"https:\/\/qhse.co.ao\/academia\/members\/vinacio\/\" class=\"item-avatar\" aria-label=\"vinacio\">\n\t\t<img alt='' src='https:\/\/qhse.co.ao\/academia\/wp-content\/plugins\/buddyboss-platform\/bp-core\/images\/profile-avatar-buddyboss-50.png' srcset='https:\/\/qhse.co.ao\/academia\/wp-content\/plugins\/buddyboss-platform\/bp-core\/images\/profile-avatar-buddyboss-50.png 2x' class='avatar avatar-80 photo' height='80' width='80' \/>\t<\/a>\n\t<strong>\n\t\t<a href=\"https:\/\/qhse.co.ao\/academia\/members\/vinacio\/\">vinacio<\/a>\n\t<\/strong>\n<\/div>\n\t\t\t\t<div class=\"course-progress-wrap\">\n\t\t\t\t\t\t<div class=\"ld-progress ld-progress-inline\">\n\t\t\t\t\t<div class=\"ld-progress-heading\">\n\t\t\t\t\t\t\t<\/div>\n\n\t\t\t<div class=\"ld-progress-bar\">\n\t\t\t\t<div class=\"ld-progress-bar-percentage ld-secondary-background\" style=\"width:0%\"><\/div>\n\t\t\t<\/div>\n\t\t\t<div class=\"ld-progress-stats\">\n\t\t\t\t<div class=\"ld-progress-percentage ld-secondary-color course-completion-rate\">\n\t\t\t\t\t0% Complete\t\t\t\t<\/div>\n\t\t\t\t<div class=\"ld-progress-steps\">\n\t\t\t\t\t0\/0 Steps\t\t\t\t<\/div>\n\t\t\t<\/div> <!--\/.ld-progress-stats-->\n\t\t\t\t<\/div> <!--\/.ld-progress-->\n\t\t\t\t\t<\/div>\n\t\t\t\t                <p class=\"ld_course_grid_button\"><a class=\"btn btn-primary\" role=\"button\" href=\"https:\/\/qhse.co.ao\/academia\/courses\/auditor-ambiental-iso-14001-2015\/\" rel=\"bookmark\">See more&#8230;<\/a><\/p>\n\t\t\t\t\n\t\t<\/div><!-- .entry-header -->\n\t<\/div><!-- #post-## -->\n<\/div>\n\t<\/div>\n\t\t\t<\/div>\n\t\t<\/div>","protected":false},"excerpt":{"rendered":"<p>Na Academia QHSE FC, Lda, acreditamos que a forma\u00e7\u00e3o \u00e9 a chave para transformar conhecimento em pr\u00e1tica e excel\u00eancia profissional. O nosso cat\u00e1logo re\u00fane cursos&hellip;<\/p>\n","protected":false},"author":2,"featured_media":0,"parent":0,"menu_order":0,"comment_status":"closed","ping_status":"closed","template":"","meta":{"footnotes":""},"class_list":["post-179","page","type-page","status-publish","hentry"],"_links":{"self":[{"href":"https:\/\/qhse.co.ao\/academia\/wp-json\/wp\/v2\/pages\/179","targetHints":{"allow":["GET"]}}],"collection":[{"href":"https:\/\/qhse.co.ao\/academia\/wp-json\/wp\/v2\/pages"}],"about":[{"href":"https:\/\/qhse.co.ao\/academia\/wp-json\/wp\/v2\/types\/page"}],"author":[{"embeddable":true,"href":"https:\/\/qhse.co.ao\/academia\/wp-json\/wp\/v2\/users\/2"}],"replies":[{"embeddable":true,"href":"https:\/\/qhse.co.ao\/academia\/wp-json\/wp\/v2\/comments?post=179"}],"version-history":[{"count":2,"href":"https:\/\/qhse.co.ao\/academia\/wp-json\/wp\/v2\/pages\/179\/revisions"}],"predecessor-version":[{"id":294,"href":"https:\/\/qhse.co.ao\/academia\/wp-json\/wp\/v2\/pages\/179\/revisions\/294"}],"wp:attachment":[{"href":"https:\/\/qhse.co.ao\/academia\/wp-json\/wp\/v2\/media?parent=179"}],"curies":[{"name":"wp","href":"https:\/\/api.w.org\/{rel}","templated":true}]}}