{"id":277,"date":"2026-03-28T09:59:01","date_gmt":"2026-03-28T09:59:01","guid":{"rendered":"https:\/\/qhse.co.ao\/academia\/?page_id=277"},"modified":"2026-03-28T11:30:32","modified_gmt":"2026-03-28T11:30:32","slug":"calendario","status":"publish","type":"page","link":"https:\/\/qhse.co.ao\/academia\/calendario\/","title":{"rendered":"Calend\u00e1rio"},"content":{"rendered":"\n<p>O calend\u00e1rio da Academia QHSE FC, Lda foi criado para facilitar o acompanhamento das forma\u00e7\u00f5es dispon\u00edveis ao longo do ano. Aqui poder\u00e1 consultar as datas, categorias e detalhes dos cursos, organizados de forma pr\u00e1tica para apoiar o seu planeamento profissional. Explore os pr\u00f3ximos eventos e garanta a sua participa\u00e7\u00e3o nas forma\u00e7\u00f5es que melhor se alinham com os seus objetivos.<\/p>\n\n\n\n<div style=\"height:25px\" aria-hidden=\"true\" class=\"wp-block-spacer\"><\/div>\n\n\n          <div class=\"eventin-shortcode-wrapper\">\n              <div class=\"events_calendar_classic\" data-cat=\"[]\" data-controls=\"{&quot;limit&quot;:5,&quot;select_cat_text&quot;:&quot;All Categories&quot;,&quot;show_desc&quot;:&quot;no&quot;,&quot;show_upcoming_event&quot;:&quot;yes&quot;,&quot;calendar_show&quot;:&quot;left&quot;,&quot;style&quot;:&quot;style-1&quot;,&quot;selected_date_text&quot;:&quot;Showing events for&quot;,&quot;event_notice&quot;:&quot;No event found on the selected date. Please select another date or month.&quot;,&quot;post_parent&quot;:&quot;parent&quot;}\" data-selectedCats=\"[]\"><\/div>\n          <\/div>\n        \n\n\n\n<p><\/p>\n","protected":false},"excerpt":{"rendered":"<p>O calend\u00e1rio da Academia QHSE FC, Lda foi criado para facilitar o acompanhamento das forma\u00e7\u00f5es dispon\u00edveis ao longo do ano. Aqui poder\u00e1 consultar as datas,&hellip;<\/p>\n","protected":false},"author":2,"featured_media":0,"parent":0,"menu_order":0,"comment_status":"closed","ping_status":"closed","template":"","meta":{"footnotes":""},"class_list":["post-277","page","type-page","status-publish","hentry"],"_links":{"self":[{"href":"https:\/\/qhse.co.ao\/academia\/wp-json\/wp\/v2\/pages\/277","targetHints":{"allow":["GET"]}}],"collection":[{"href":"https:\/\/qhse.co.ao\/academia\/wp-json\/wp\/v2\/pages"}],"about":[{"href":"https:\/\/qhse.co.ao\/academia\/wp-json\/wp\/v2\/types\/page"}],"author":[{"embeddable":true,"href":"https:\/\/qhse.co.ao\/academia\/wp-json\/wp\/v2\/users\/2"}],"replies":[{"embeddable":true,"href":"https:\/\/qhse.co.ao\/academia\/wp-json\/wp\/v2\/comments?post=277"}],"version-history":[{"count":5,"href":"https:\/\/qhse.co.ao\/academia\/wp-json\/wp\/v2\/pages\/277\/revisions"}],"predecessor-version":[{"id":287,"href":"https:\/\/qhse.co.ao\/academia\/wp-json\/wp\/v2\/pages\/277\/revisions\/287"}],"wp:attachment":[{"href":"https:\/\/qhse.co.ao\/academia\/wp-json\/wp\/v2\/media?parent=277"}],"curies":[{"name":"wp","href":"https:\/\/api.w.org\/{rel}","templated":true}]}}